{"id":1277,"date":"2020-01-13T14:53:00","date_gmt":"2020-01-13T14:53:00","guid":{"rendered":"http:\/\/test.kriesi.at\/enfold-2017\/?page_id=1277"},"modified":"2024-03-07T11:23:00","modified_gmt":"2024-03-07T11:23:00","slug":"columns-2","status":"publish","type":"page","link":"https:\/\/schiwiese.at\/?page_id=1277","title":{"rendered":"Statuten"},"content":{"rendered":"<div id='av_section_1'  class='avia-section main_color avia-section-default avia-no-border-styling avia-bg-style-scroll  avia-builder-el-0  avia-builder-el-no-sibling   container_wrap sidebar_right' style=' '  ><div class='container' ><main  role=\"main\" itemprop=\"mainContentOfPage\"  class='template-page content  av-content-small alpha units'><div class='post-entry post-entry-type-page post-entry-1277'><div class='entry-content-wrapper clearfix'>\n<div  style='padding-bottom:15px; color:#000000;font-size:40px;' class='av-special-heading av-special-heading-h1 custom-color-heading blockquote modern-quote  avia-builder-el-1  el_before_av_textblock  avia-builder-el-first  av-inherit-size '><h1 class='av-special-heading-tag '  itemprop=\"headline\"  >Auszug aus unseren Vereinsstatuten<\/h1><div class='special-heading-border'><div class='special-heading-inner-border' style='border-color:#000000'><\/div><\/div><\/div>\n<section class=\"av_textblock_section \"  itemscope=\"itemscope\" itemtype=\"https:\/\/schema.org\/CreativeWork\" ><div class='avia_textblock  '   itemprop=\"text\" ><p>\u00a7 1 &#8211; Name, Sitz und T\u00e4tigkeitsbereich des Vereins<br \/>\nDer Verein f\u00fchrt den Namen &#8220; Naturfreunde \u00d6sterreich, Ortsgruppe Mannersdorf&#8220; mit dem Sitz in Mannersdorf am Leithagebirge, ZVR-Zahl: 465375188<\/p>\n<p>\u00a7 2 &#8211; Naturfreunde \u00d6sterreich<br \/>\nDie Naturfreunde \u00d6sterreich sind eine eigenst\u00e4ndige Freizeit &#8211; und Umweltorganisation. Im Mittelpunkt ihrer Arbeit steht der Mensch in seiner nachhaltigen Beziehung zur Natur. Sie erf\u00fcllen ihre Aufgaben nach\u00a0sozialen, wohlt\u00e4tigen und gemeinn\u00fctzigen Kriterien.<\/p>\n<p>\u00a7 3 &#8211; Ziel der Naturfreunde \u00d6sterreich ist es, den Menschen Naturerlebnisse zu vermitteln, den Gemeinschaftsgeist zu f\u00f6rdern, zu einer sinnvollen Freizeitgestaltung und zur Erhaltung unserer nat\u00fcrlichen Lebensgrundlage beizutragen. Die alpine T\u00e4tigkeit und die alpine Fachkompetenz stehen dabei im Vordergrund.<br \/>\nDie Naturfreunde \u00d6sterreich bekennen sich zu einer Gesellschaft, die auf den Grundwerten Freiheit, Gleichheit, Gerechtigkeit und Solidarit\u00e4t aufbaut. Sie unterst\u00fctzten die lebendige Weiterentwicklung und st\u00e4ndige Erneuerung der Demokratie in allen Lebensbereichen.<\/p>\n<h5>Wir sind ein Verein, dessen T\u00e4tigkeit nicht auf Gewinn gerichtet ist und stolz darauf, dass seit Bestehen des Vereins alle pers\u00f6nlichen Leistungen freiwillig und unentgeltlich erbracht werden.<\/h5>\n<\/div><\/section>\n<\/div><\/div><\/main><!-- close content main element --><\/div><\/div><div id='after_section_1'  class='main_color av_default_container_wrap container_wrap sidebar_right' style=' '  ><div class='container' ><div class='template-page content  av-content-small alpha units'><div class='post-entry post-entry-type-page post-entry-1277'><div class='entry-content-wrapper clearfix'>\n","protected":false},"excerpt":{"rendered":"","protected":false},"author":1,"featured_media":0,"parent":0,"menu_order":0,"comment_status":"closed","ping_status":"closed","template":"","meta":{"footnotes":""},"class_list":["post-1277","page","type-page","status-publish","hentry"],"_links":{"self":[{"href":"https:\/\/schiwiese.at\/index.php?rest_route=\/wp\/v2\/pages\/1277","targetHints":{"allow":["GET"]}}],"collection":[{"href":"https:\/\/schiwiese.at\/index.php?rest_route=\/wp\/v2\/pages"}],"about":[{"href":"https:\/\/schiwiese.at\/index.php?rest_route=\/wp\/v2\/types\/page"}],"author":[{"embeddable":true,"href":"https:\/\/schiwiese.at\/index.php?rest_route=\/wp\/v2\/users\/1"}],"replies":[{"embeddable":true,"href":"https:\/\/schiwiese.at\/index.php?rest_route=%2Fwp%2Fv2%2Fcomments&post=1277"}],"version-history":[{"count":5,"href":"https:\/\/schiwiese.at\/index.php?rest_route=\/wp\/v2\/pages\/1277\/revisions"}],"predecessor-version":[{"id":4817,"href":"https:\/\/schiwiese.at\/index.php?rest_route=\/wp\/v2\/pages\/1277\/revisions\/4817"}],"wp:attachment":[{"href":"https:\/\/schiwiese.at\/index.php?rest_route=%2Fwp%2Fv2%2Fmedia&parent=1277"}],"curies":[{"name":"wp","href":"https:\/\/api.w.org\/{rel}","templated":true}]}}