{"id":1302,"date":"2020-01-07T16:28:00","date_gmt":"2020-01-07T16:28:00","guid":{"rendered":"http:\/\/www.kriesi.at\/themes\/enfold\/?page_id=1302"},"modified":"2026-03-03T19:33:08","modified_gmt":"2026-03-03T19:33:08","slug":"services","status":"publish","type":"page","link":"https:\/\/schiwiese.at\/?page_id=1302","title":{"rendered":"unsere Leistungen"},"content":{"rendered":"<div id='layer_slider_1'  class='avia-layerslider main_color avia-shadow  avia-builder-el-0  el_before_av_one_full  avia-builder-el-first  container_wrap sidebar_right' style='  height: 471px;' ><\/div><div id='after_layer_slider_1'  class='main_color av_default_container_wrap container_wrap sidebar_right' style=' '  ><div class='container' ><div class='template-page content  av-content-small alpha units'><div class='post-entry post-entry-type-page post-entry-1302'><div class='entry-content-wrapper clearfix'>\n<div class=\"flex_column av_one_full  flex_column_div first  avia-builder-el-1  el_after_av_layerslider  avia-builder-el-no-sibling  \" ><p><div  style='padding-bottom:10px; ' class='av-special-heading av-special-heading-h3 meta-heading   avia-builder-el-2  el_before_av_iconlist  avia-builder-el-first  '><h3 class='av-special-heading-tag '  itemprop=\"headline\"  >unsere Leistungen<\/h3><div class='special-heading-border'><div class='special-heading-inner-border' ><\/div><\/div><\/div><br \/>\n<div  class='avia-icon-list-container   avia-builder-el-3  el_after_av_heading  avia-builder-el-last '><ul class='avia-icon-list avia-icon-list-left av-iconlist-big avia_animate_when_almost_visible avia-iconlist-animate'>\n<li><div  class='iconlist_icon  avia-font-entypo-fontello'><span class='iconlist-char ' aria-hidden='true' data-av_icon='\ue8a5' data-av_iconfont='entypo-fontello'><\/span><\/div><article class=\"article-icon-entry \"  itemscope=\"itemscope\" itemtype=\"https:\/\/schema.org\/CreativeWork\" ><div class='iconlist_content_wrap'><header class=\"entry-content-header\"><h4 class='av_iconlist_title iconlist_title   '  itemprop=\"headline\"  >Schifahren<\/h4><\/header><div class='iconlist_content  '  itemprop=\"text\"  ><p>Bei ausreichender Schneelage ist die Schiwiese im Allgemeinen f\u00fcr Wintersportler, Rodel- und Schibobfahrer sowie sonstige \u201eRutscher\u201c nutzbar.<\/p>\n<p>Nat\u00fcrlich erfolgt die Nutzung auf eigene Gefahr.<\/p>\n<\/div><\/div><footer class=\"entry-footer\"><\/footer><\/article><div class='iconlist-timeline'><\/div><\/li>\n<li><div  class='iconlist_icon  avia-font-entypo-fontello'><span class='iconlist-char ' aria-hidden='true' data-av_icon='\ue86d' data-av_iconfont='entypo-fontello'><\/span><\/div><article class=\"article-icon-entry \"  itemscope=\"itemscope\" itemtype=\"https:\/\/schema.org\/CreativeWork\" ><div class='iconlist_content_wrap'><header class=\"entry-content-header\"><h4 class='av_iconlist_title iconlist_title   '  itemprop=\"headline\"  >Langlaufen<\/h4><\/header><div class='iconlist_content  '  itemprop=\"text\"  ><p>F\u00fcr Schilangl\u00e4ufer wird von uns ein markiertes Loipennetz mit Schidoo und Spurger\u00e4t pr\u00e4pariert >> keine Skaterspur!<\/p>\n<p>Zwei Start &#8211; und Zielpunkte bieten sich an :<\/p>\n<h5>A; Start und Ziel Hochfilzerh\u00fctte\/Schiwiese:<\/h5>\n<p>Eine 14 km lange Loipe mit ca. 150 m H\u00f6henunterschied- Wendpunkt Parkplatz &#8211; Kaisereiche an der B15 &#8211; ist zu bew\u00e4ltigen.<br \/>\nStreckenbezeichnung >> &#8220; Mannersdorf Klassiker&#8220;<\/p>\n<h5>B; Start und Zielpunkt Parkplatz &#8211; Kaisereiche an der B15<\/h5>\n<p>Zwei Rundstrecken, 9 und 11 km mit wenig H\u00f6henunterschied f\u00fchren am Kamm des Leithagebirges entlang.<\/p>\n<h5>Die Ben\u00fctzung der Loipen ist kostenlos und erfolgt auf eigene Gefahr !!<\/h5>\n<\/div><\/div><footer class=\"entry-footer\"><\/footer><\/article><div class='iconlist-timeline'><\/div><\/li>\n<li><div  class='iconlist_icon  avia-font-entypo-fontello'><span class='iconlist-char ' aria-hidden='true' data-av_icon='\ue8c0' data-av_iconfont='entypo-fontello'><\/span><\/div><article class=\"article-icon-entry \"  itemscope=\"itemscope\" itemtype=\"https:\/\/schema.org\/CreativeWork\" ><div class='iconlist_content_wrap'><header class=\"entry-content-header\"><h4 class='av_iconlist_title iconlist_title   '  itemprop=\"headline\"  >Schutzh\u00fctte<\/h4><\/header><div class='iconlist_content  '  itemprop=\"text\"  ><p>Seit dem Jahre 1972 betreiben die Naturfreunde eine bewirtschaftete Schutzh\u00fctte auf unserer Schiwiese am Scheiterberg. Die H\u00fctte liegt am Ende eines gut begehbaren, ebenen Weges vom Parkplatz Spielplatzweg ca. 700 m &#8211; Gehzeit 10 bis 15 min &#8211; entfernt. Sie liegt am unteren Ende des NW-Hanges des Scheiterberges auf 275 m Seeh\u00f6he. Von hier gibt es einen freien Blick zum Gipfelkreuz des Scheiterberges auf 350 m. Am Gipfel des Scheiterberges steht eine Orientierungsscheibe und man genie\u00dft einen herrlichen Rundumblick \u00fcber das gesamte Wiener Becken vom Rosaliengebierge bis in das Gebiet um Bratislava.<br \/>\nUnsere &#8222;alte&#8220; Schutzh\u00fctte, eine mehrmals adaptierte ehemalige Fahrzeug &#8211; Unterstandsh\u00fctte aus dem Kalksteinbruch wurde im Jahre 1980 zu Ehren unseres Langzeit ( 62 Jahre) Vereinsobmannes zur &#8220; Hochfilzerh\u00fctte&#8220; ernannt. Auf Grund des bauf\u00e4lligen Zustandes der H\u00fctte erfolgte im Jahre 1999 der Neubau eines sehr gem\u00fctlichen Holzblockhauses &gt;&gt;&gt; siehe Details in der Vereinschronik !.<\/p>\n<p>Wurde fr\u00fcher die Schutzh\u00fctte nur in der Wintersaison und entsprechender Schneelage bewirtschaftet, gibt es seit einigen Jahren einen eingeschr\u00e4nkten, ganzj\u00e4hrigen Betrieb.<\/p>\n<p>\u00d6FFNUNGSZEITEN:<br \/>\nBei ausreichender Schneelage werden wir kurzfristig \u00fcber etwaige \u00d6ffnungszeiten via Homepage, bzw. Facebook informieren.<\/p>\n<p>Unsere Schutzh\u00fctte bietet Platz f\u00fcr f\u00fcr ca. 50 Personen, angeboten werden kleinere Speisen sowie alkoholische und nicht &#8211; alkoholische Getr\u00e4nke.<\/p>\n<p>ANMERKUNG:<br \/>\nDie Stadtgemeinde Mannersdorf ist sowohl Grund- wie auch H\u00fcttenbesitzer. Gem\u00e4\u00df einem rechtsm\u00e4\u00dfigen Vertrag stellt die Stadtgemeinde den Naturfreunden das Schutzh\u00fcttengeb\u00e4ude zur alleinigen und ausschlie\u00dflichen Nutzung zur Verf\u00fcgung. Dar\u00fcber hinaus wurde vereinbart, dass Privatpersonen nicht berechtigt sind vereinsfremde Feiern oder \u00e4hnliche Veranstaltungen durchzuf\u00fchren. Ausgenommen von dieser Regelung ist jener eingeschr\u00e4nkte Personenkreis, der aktiv im H\u00fcttenbetrieb mitarbeitet.<\/p>\n<\/div><\/div><footer class=\"entry-footer\"><\/footer><\/article><div class='iconlist-timeline'><\/div><\/li>\n<li><div  class='iconlist_icon  avia-font-entypo-fontello'><span class='iconlist-char ' aria-hidden='true' data-av_icon='\ue855' data-av_iconfont='entypo-fontello'><\/span><\/div><article class=\"article-icon-entry \"  itemscope=\"itemscope\" itemtype=\"https:\/\/schema.org\/CreativeWork\" ><div class='iconlist_content_wrap'><header class=\"entry-content-header\"><h4 class='av_iconlist_title iconlist_title   '  itemprop=\"headline\"  >Wandern<\/h4><\/header><div class='iconlist_content  '  itemprop=\"text\"  ><h3>Aktuelle Informationen zu Wanderungen !<\/h3>\n<p>Dem Wanderer steht ein gut markiertes und beschildertes Wegenetz von ca. 50 km zur Verf\u00fcgung. Drei beliebte Ausgangspunkte f\u00fcr Wanderungen, jeweils mit gro\u00dfen\u00a0\u00dcbersichtstafeln best\u00fcckt, sind zu empfehlen.<\/p>\n<p>Diese sind in Mannersdorf der:<\/p>\n<p>a; Parkplatz zwischen Ortskirche und Kreisverkehr B15<br \/>\nb; Parkplatz Spielplatzweg &#8211; Beginn Weg zur Schiwiese am Scheiterberg<br \/>\nc; Parkplatz Naturpark &#8211; Gasthof Arbachm\u00fchle an der B15 zwischen Mannersdorf und Hof<\/p>\n<p><b>Sehenswertes imWandergebiet Mannersdorf:<br \/>\n<\/b><i>Kloster St. Anna in der &#8222;W\u00fcste&#8220; im Zentrum des Naturparks<\/i> &#8211; 1644 gegr\u00fcndetes und 1783 aufgelassenes Kloster der &#8222;Unbeschuhten Karmeliter&#8220; umgeben von einer 4,5 km langen Steinmauer<br \/>\n<i>Ruine Scharfeneck<\/i>, auch Efeuburg genannt, gelegen am 347 m hohen Schlossberg Entstehungszeit vermutl.\u00a013.\/14.Jahrh.<br \/>\n<i>Kaisereiche (Kaiser-Franz-Josef-Warte)<\/i> am443 m hohen Steinerwegberg(zweith\u00f6chste Erhebung im Leithagebirge) herrlicher Ausblick \u00fcber Wiener Becken und Neusiedler See &#8211; Landschaftsfenster!<br \/>\n<i>Sieben Linden<\/i> &#8211; sch\u00f6ner Rastplatz unter Linden mit Kreuz &#8211; gelegen an der Kaiserallee, 418 m<br \/>\n<i>Russische Baumkirche<\/i> &#8211; an der Hinterseite einer m\u00e4chtigen Rotbuche ist eine russisch-orthodoxe Kirche eingraviert, vermutlich stammt\u00a0dieses Andenken von einem russischem oder serbischen Kriegsgefangenen aus der Zeit des 1. oder 2. Weltkrieges. Lage: N\u00e4he 7 Linden Forstweg-Kreuzung ca. 50 m Richt. Donnerskirchen<br \/>\n<i>Scheiterberg\/Schiwiese<\/i> &#8211; Gipfelkreuz(mit Gipfelbuch)\u00a0350 m, Orientierungstafel, herrlicher Panoramablick &#8211;\u00a0Landschaftsfenster! Am Fu\u00dfe des Scheiterberges liegt unsere gem\u00fctliche Hochfilzerh\u00fctte!<br \/>\n<i>Industriedenkmal BAXA<\/i> &#8211; Kalkofen- und Steinabbaumuseum &#8211; gelegen am Weg von Mdf. in den Naturpark<\/p>\n<hr \/>\n<p><b><u>Wanderwege<\/u><\/b> in das nahe gelegene Burgenland(Donnerskirchen,Purbach,Breitenbrunn) &#8212; rot\/wei\u00df markiert<\/p>\n<p><a href=\"https:\/\/schiwiese.at\/wp-content\/uploads\/2021\/09\/Wanderwege-ins-Burgenland-1.pdf\" target=\"_blank\" rel=\"noopener\">Wanderwege\u00a0ins Burgenland als Download<\/a><\/p>\n<hr \/>\n<p>Wanderwege in die Nachbarorte(Sommerein,Hof) &#8212; rot\/wei\u00df markiert<\/p>\n<p><a href=\"https:\/\/schiwiese.at\/wp-content\/uploads\/2021\/09\/Wanderwege-in-Nachbarorte.pdf\" target=\"_blank\" rel=\"noopener\">Wanderwege in Nachbarorte als Download<\/a><\/p>\n<hr \/>\n<p>Rundwanderwege &#8212; blau\/gelb markiert<\/p>\n<p><a href=\"https:\/\/schiwiese.at\/wp-content\/uploads\/2021\/09\/Rundwanderwege.pdf\">Rundwanderwege als Download<\/a><\/p>\n<hr \/>\n<p>Wanderkarte des Leithagebirges zum Dowloaden<\/p>\n<p>Anmerkung:<br \/>\nStundenangabe gilt als reine und mittlere Wanderzeit vom Ortsrand Mannersdorf zum Ortsrand des Zielortes !<\/p>\n<p><strong>Wichtige Teilstrecken \u2013 Wanderzeiten<\/strong><\/p>\n<p>Mannersdorf \u2013 Naturpark W\u00fcste\u00a0\u00a0\u00a0 \u00a0\u00a0\u00a0\u00a0\u00a0\u00a0\u00a0\u00a0\u00a0\u00a0\u00a0ca. 40 min<br \/>\nMannersdorf \u2013 Sieben Linden\u00a0 \u00a0 \u00a0 \u00a0 \u00a0 \u00a0 \u00a0 \u00a0 \u00a0 \u00a0 ca. 60 min<br \/>\nNaturpark W\u00fcste \u2013 Kaisereiche\u00a0\u00a0\u00a0\u00a0\u00a0 \u00a0\u00a0\u00a0\u00a0\u00a0\u00a0\u00a0\u00a0\u00a0\u00a0\u00a0\u00a0ca. 60 min<br \/>\nKaisereiche \u2013 Donnerskirchen\u00a0\u00a0\u00a0\u00a0\u00a0\u00a0\u00a0\u00a0 \u00a0\u00a0\u00a0\u00a0\u00a0\u00a0\u00a0\u00a0\u00a0\u00a0\u00a0\u00a0ca. 60 min<br \/>\nKaisereiche \u2013 3 Hotter\u00a0\u00a0\u00a0\u00a0\u00a0\u00a0\u00a0\u00a0\u00a0\u00a0\u00a0\u00a0\u00a0\u00a0\u00a0\u00a0\u00a0\u00a0\u00a0\u00a0\u00a0 \u00a0\u00a0\u00a0\u00a0\u00a0\u00a0\u00a0\u00a0\u00a0\u00a0\u00a0\u00a0ca. 30 min<br \/>\n3 Hotter \u2013 Sieben Linden\u00a0\u00a0\u00a0\u00a0\u00a0\u00a0\u00a0\u00a0\u00a0\u00a0\u00a0\u00a0\u00a0\u00a0\u00a0\u00a0\u00a0\u00a0\u00a0\u00a0\u00a0\u00a0\u00a0\u00a0\u00a0\u00a0\u00a0\u00a0 ca. 20 min<br \/>\n3 Hotter \u2013 Donnerskirchen\u00a0\u00a0\u00a0\u00a0\u00a0\u00a0\u00a0\u00a0\u00a0\u00a0\u00a0\u00a0\u00a0\u00a0\u00a0\u00a0\u00a0\u00a0\u00a0\u00a0\u00a0\u00a0\u00a0\u00a0\u00a0 ca. 60 min<br \/>\nMannersdorf \u2013 Rundwanderwegh\u00fctte\u00a0\u00a0\u00a0\u00a0\u00a0 ca. 1h 15 min<br \/>\nRundwanderwegh\u00fctte \u2013 Purbach\u00a0\u00a0\u00a0\u00a0\u00a0\u00a0\u00a0\u00a0\u00a0\u00a0\u00a0\u00a0\u00a0\u00a0 ca. 1h 30 min<br \/>\nHochfilzerh\u00fctte \u2013 RWW-H\u00fctte\u00a0\u00a0\u00a0\u00a0\u00a0\u00a0\u00a0\u00a0\u00a0\u00a0\u00a0\u00a0\u00a0\u00a0\u00a0\u00a0\u00a0\u00a0\u00a0 ca. 45 min<br \/>\nRWW-H\u00fctte \u2013 Sieben Linden\u00a0\u00a0\u00a0\u00a0\u00a0\u00a0\u00a0\u00a0\u00a0\u00a0\u00a0\u00a0\u00a0\u00a0\u00a0\u00a0\u00a0\u00a0\u00a0\u00a0\u00a0\u00a0 ca. 20 min<\/p>\n<p><strong>Anmerkung: Wanderkarten sind in der Hochfilzerh\u00fctte kostenlos erh\u00e4ltlich!<\/strong><\/p>\n<h2>Zwei neue Rundwanderwege!<\/h2>\n<p>Im Herbst 2017 erfolgte durch die Donau N\u00d6 Tourismus GmbH die Umsetzung des Projektes <b>&#8222;VIA.CARNUNTUM.Top-Rundwanderwege R\u00f6merland Carnuntum&#8220;. <\/b>Eines der f\u00fcnf in der Region entstandenen Projekte betrifft das Wandergebiet Mannersdorf\/Hof. Der Bezeichnung<\/p>\n<p><b>&#8222;VIA.SILENTIUM.&#8220;<\/b> sind zwei Rundwanderwege zugeordnet:<\/p>\n<p><b><i>Maria Theresia Rundwanderweg:<\/i><\/b><br \/>\nDie Streckenf\u00fchrung entspricht beinahe zur G\u00e4nze unserem &#8222;Kleinen Rundwanderweg&#8220;, deshalb ersetzt dieser neu beschilderte Weg in Zukunft den &#8222;Kleinen RWWeg&#8220;.<br \/>\nStartpunkt ist der Parkplatz Naturpark\/Arbachm\u00fchle, die Tour f\u00fchrt zum Kloster St. Anna in der W\u00fcste\u00a0 &#8211; Audio-Guide-Station (AGS) &#8211; zum Scheiterberg\/Schiwiese (AGS) und weiter \u00fcber den S\u00fcd\/Ost-Rand von Mannersdorf zur n\u00e4chsten AGS mit Infos zu R\u00f6mer und Maria Theresia in Mdf. am oberen Ende der Steinbruchstrasse. Weiter geht`s vorbei am Baxa Kalkofen\/ Alpine Kletteranlage\u00a0 zur\u00fcck zum Ausgangspunkt Parkplatz Naturpark.<br \/>\nStreckenl\u00e4nge: 9 km<br \/>\nDauer: 2,75h<\/p>\n<p><b><i>Kaiser Franz Josef Rundwanderweg:<\/i><\/b><br \/>\nStartpunkte sind das Kloster St. Anna (AGS) oder der Parkplatz Kaisereiche an der B 15 zwischen Hof und Donnerskirchen. Die Tour f\u00fchrt vom Kloster Richtung Kaisereiche vorbei an der Ruine Scharfeneck (AGS), weiter zu einer Anh\u00f6he mit AGS-Gro\u00dfvatergeschichte zur\u00a0 Kaiser Franz Josefs Warte (AGS). Danach kommt man \u00fcber die Punkte Drei Hotter (AGS) und Sieben Linden (AGS) wieder zur\u00fcck zum Kloster St. Anna. Kurz davor gibt es eine Strecken-\u00dcberschneidung mit dem Maria Theresia RWW mit der M\u00f6glichkeit auf diesen Weg zu wechseln!<br \/>\nStreckenl\u00e4nge: 11km<br \/>\nDauer: 3,25 h<\/p>\n<p><b><i>Multimedia Handy Apps &#8222;Wanderwege R\u00f6merland Carnuntum&#8220; kostenlos downloaden:<\/i><\/b><\/p>\n<p>1. Gehen Sie in den Android Play Store oder App Store<br \/>\n2. Geben Sie im Suchfeld &#8222;Wanderwege R\u00f6merland Carnuntum&#8220; ein<br \/>\n3. Klicken Sie auf &#8222;Installieren&#8220; und nach dem Herunterladen auf &#8222;\u00d6ffnen&#8220;<br \/>\n4. W\u00e4hlen Sie aus der Liste der Wanderwege Ihren gew\u00fcnschten aus<\/p>\n<p>Ausf\u00fchrliche Infos zu allen Touren: <a href=\"http:\/\/www.via.carnuntum.at\">www.via-carnuntum.at<\/a><\/p>\n<h2><strong><em>Neu &#8211; <\/em><\/strong><strong>Zwei Gipfel Rundwanderweg<\/strong><\/h2>\n<p><strong>Kurzinfo:<br \/>\n<\/strong><strong>Start und Ziel:<\/strong>\u00a0 Hochfilzerh\u00fctte\/ Schiwiese Mannerdorf<br \/>\n<strong>Wanderstrecke:<\/strong>\u00a0 2,5 km<br \/>\n<strong>Gehzeit:<\/strong> 50 \u2013 60 Minuten<br \/>\n<strong>H\u00f6henunterschied: <\/strong>\u00a0125 Hm<br \/>\n<strong>Anforderungen:<\/strong> Auf den steilen Auf- und Abstiegssteigen ist Trittsicherheit erforderlich, der \u00fcberwiegende Teil ist ein gut begehbarer, normaler Wanderweg.<\/p>\n<p><strong>Wegbeschreibung:<br \/>\n<\/strong>Von der Hochfilzerh\u00fctte den links vom Normalweg Richtung Mannersdorf liegenden Parallelweg nehmen und nach ca. 200m scharf links abbiegen \u2013 Richtungsschild! Dann aufw\u00e4rts \u00fcber einen Holzschlag bis Wegkreuzung. Hier beginnt der immer steiler werdende Steig. Am Ende durch Felsen auf die Trockenwiese, links zum Gipfel der Steinwand 337 m \u2013 Rastplatz und sch\u00f6ne Aussicht! Am oberen Ende der Wiese entlang bis zum Wald, kurzer steiler Abstieg, dann rechts abbiegen, bei der 2. Wegkreuzung, links weiter ca. 200 m, rechts den aufsteigenden Weg entlang folgen, links auf dem kurzen steilen Steig zum Gipfel des Scheiterbergs 350m \u2013 Gipfelkreuz mit Buch, Orientierungsscheibe, Infotafel, Rastplatz und Aussichtspunkt! Danach Abstieg \u00fcber Karl Wuketich Steig, links abbiegen entlang der Markierung abermals links bis zu einer Wegkreuzung und links Richtung Hochfilzerh\u00fctte zur\u00fcck.<\/p>\n<\/div><\/div><footer class=\"entry-footer\"><\/footer><\/article><div class='iconlist-timeline'><\/div><\/li>\n<\/ul><\/div><\/p><\/div>\n","protected":false},"excerpt":{"rendered":"","protected":false},"author":1,"featured_media":0,"parent":0,"menu_order":0,"comment_status":"open","ping_status":"closed","template":"","meta":{"footnotes":""},"class_list":["post-1302","page","type-page","status-publish","hentry"],"_links":{"self":[{"href":"https:\/\/schiwiese.at\/index.php?rest_route=\/wp\/v2\/pages\/1302","targetHints":{"allow":["GET"]}}],"collection":[{"href":"https:\/\/schiwiese.at\/index.php?rest_route=\/wp\/v2\/pages"}],"about":[{"href":"https:\/\/schiwiese.at\/index.php?rest_route=\/wp\/v2\/types\/page"}],"author":[{"embeddable":true,"href":"https:\/\/schiwiese.at\/index.php?rest_route=\/wp\/v2\/users\/1"}],"replies":[{"embeddable":true,"href":"https:\/\/schiwiese.at\/index.php?rest_route=%2Fwp%2Fv2%2Fcomments&post=1302"}],"version-history":[{"count":27,"href":"https:\/\/schiwiese.at\/index.php?rest_route=\/wp\/v2\/pages\/1302\/revisions"}],"predecessor-version":[{"id":5052,"href":"https:\/\/schiwiese.at\/index.php?rest_route=\/wp\/v2\/pages\/1302\/revisions\/5052"}],"wp:attachment":[{"href":"https:\/\/schiwiese.at\/index.php?rest_route=%2Fwp%2Fv2%2Fmedia&parent=1302"}],"curies":[{"name":"wp","href":"https:\/\/api.w.org\/{rel}","templated":true}]}}