{"id":3471,"date":"2020-01-14T06:30:13","date_gmt":"2020-01-14T06:30:13","guid":{"rendered":"https:\/\/schiwiese.at\/?page_id=3471"},"modified":"2025-05-27T03:33:58","modified_gmt":"2025-05-27T03:33:58","slug":"impressum","status":"publish","type":"page","link":"https:\/\/schiwiese.at\/?page_id=3471","title":{"rendered":"Impressum"},"content":{"rendered":"<div class=\"flex_column av_one_full  flex_column_div av-zero-column-padding first  avia-builder-el-0  el_before_av_textblock  avia-builder-el-first  \" style='border-radius:0px; '><\/div>\n<section class=\"av_textblock_section \"  itemscope=\"itemscope\" itemtype=\"https:\/\/schema.org\/CreativeWork\" ><div class='avia_textblock  '   itemprop=\"text\" ><p>Impressum und Offenlegung gem\u00e4\u00df \u00a7\u00a7 24, 25 Mediengesetz (MedG) iVm \u00a7 5 E-Commerce-Gesetz (ECG)<\/p>\n<p>Medieninhaber:<\/p>\n<p>Naturfreunde \u00d6sterreich, Ortsgruppe Mannersdorf<\/p>\n<p>Vereinssitz und Anschrift:<br \/>\n2452 Mannersdorf<br \/>\nZVR- Zahl: 465375188<\/p>\n<p>Vorstand:<\/p>\n<p>Peter Zintl<\/p>\n<p>Mitglieder des Vorstands:<\/p>\n<p>Patrik Amelin (Vorsitzender Stv.),\u00a0Leidenfrost Christian, Renate Leidenfrost-Wolf, Andrea Wojcik-Scholz, Steininger Manfred, Hohenecker Karl, Leidenfrost Christian,<\/p>\n<p>H\u00fctten-und Schibetrieb Korn Grete und Erich<\/p>\n<p>Erkl\u00e4rung \u00fcber die grundlegende Richtung:<\/p>\n<p>Allgemeine Informationen, Service- Freizeit- und Umwelttipps \u00fcber folgende Themen: Bergsteigen, Wandern, (Sport-)Klettern, Skifahren, Skitourengehen,\u00a0 Orientierungslauf, Trendsportarten, Radfahren, alpine Sicherheit, Natur- und Umweltschutz, H\u00fcttenbetrieb unserer Schutzh\u00fctte. Diese Website entspricht den Grunds\u00e4tzen der Statuten der Naturfreunde \/ Ortsgruppe Mannersdorf.<\/p>\n<p>Vereinszweck<\/p>\n<p>Die Naturfreunde \u00d6sterreich sind eine eigenst\u00e4ndige Freizeit- und Umweltorganisation, die ihre Aufgaben nach sozialen, wohlt\u00e4tigen und gemeinn\u00fctzigen Kriterien erf\u00fcllt. Im Mittelpunkt ihrer Arbeit steht der Mensch in seiner nachhaltigen Beziehung zur Natur.<\/p>\n<p>Redaktion Naturfreunde Mannersdorf, Peter Zintl<\/p>\n<p>vorstand@schiwiese.at<\/p>\n<hr \/>\n<p>Technische Realisierung<\/p>\n<p>Gerhard Maresch, MAS ,<\/p>\n<p>Maresch IT-Dienstleistungen &amp; Consulting<\/p>\n<p>Hoferstrasse 1, 2452 Mannersdorf<\/p>\n<p>gerhard.maresch@maresch-it.at<\/p>\n<\/div><\/section>\n","protected":false},"excerpt":{"rendered":"","protected":false},"author":1,"featured_media":0,"parent":0,"menu_order":0,"comment_status":"closed","ping_status":"closed","template":"","meta":{"footnotes":""},"class_list":["post-3471","page","type-page","status-publish","hentry"],"_links":{"self":[{"href":"https:\/\/schiwiese.at\/index.php?rest_route=\/wp\/v2\/pages\/3471","targetHints":{"allow":["GET"]}}],"collection":[{"href":"https:\/\/schiwiese.at\/index.php?rest_route=\/wp\/v2\/pages"}],"about":[{"href":"https:\/\/schiwiese.at\/index.php?rest_route=\/wp\/v2\/types\/page"}],"author":[{"embeddable":true,"href":"https:\/\/schiwiese.at\/index.php?rest_route=\/wp\/v2\/users\/1"}],"replies":[{"embeddable":true,"href":"https:\/\/schiwiese.at\/index.php?rest_route=%2Fwp%2Fv2%2Fcomments&post=3471"}],"version-history":[{"count":10,"href":"https:\/\/schiwiese.at\/index.php?rest_route=\/wp\/v2\/pages\/3471\/revisions"}],"predecessor-version":[{"id":5007,"href":"https:\/\/schiwiese.at\/index.php?rest_route=\/wp\/v2\/pages\/3471\/revisions\/5007"}],"wp:attachment":[{"href":"https:\/\/schiwiese.at\/index.php?rest_route=%2Fwp%2Fv2%2Fmedia&parent=3471"}],"curies":[{"name":"wp","href":"https:\/\/api.w.org\/{rel}","templated":true}]}}