{"id":635,"date":"2017-02-02T14:27:39","date_gmt":"2017-02-02T14:27:39","guid":{"rendered":"http:\/\/test.kriesi.at\/enfold-2017\/?page_id=635"},"modified":"2020-03-14T04:19:25","modified_gmt":"2020-03-14T04:19:25","slug":"faq","status":"publish","type":"page","link":"https:\/\/schiwiese.at\/?page_id=635","title":{"rendered":"FAQ &#8211; Fragen &#8211; Antworten"},"content":{"rendered":"<div id='av_section_1'  class='avia-section main_color avia-section-large avia-no-border-styling avia-bg-style-scroll  avia-builder-el-0  el_before_av_section  avia-builder-el-first   av-arrow-down-section container_wrap sidebar_right' style=' '  ><div class='container' ><main  role=\"main\" itemprop=\"mainContentOfPage\"  class='template-page content  av-content-small alpha units'><div class='post-entry post-entry-type-page post-entry-635'><div class='entry-content-wrapper clearfix'>\n<div  style='padding-bottom:0px; font-size:40px;' class='av-special-heading av-special-heading-h2  blockquote modern-quote modern-centered  avia-builder-el-1  el_before_av_one_third  avia-builder-el-first  av-inherit-size '><h2 class='av-special-heading-tag '  itemprop=\"headline\"  >FAQ &#8211; Frequently Asked Questions oder was sie schon immer wissen wollten !<\/h2><div class='special-heading-border'><div class='special-heading-inner-border' ><\/div><\/div><\/div>\n<div class=\"flex_column av_one_third  flex_column_div av-zero-column-padding first  avia-builder-el-2  el_after_av_heading  el_before_av_one_third  \" style='border-radius:0px; '><article  class=\"iconbox iconbox_top av-no-box   avia-builder-el-3  avia-builder-el-no-sibling  \"  itemscope=\"itemscope\" itemtype=\"https:\/\/schema.org\/CreativeWork\" ><div class=\"iconbox_content\"><header class=\"entry-content-header\"><div class=\"iconbox_icon heading-color \" aria-hidden='true' data-av_icon='\ue836' data-av_iconfont='entypo-fontello'  ><\/div><h3 class='iconbox_content_title  '  itemprop=\"headline\"  >Fragen zum Verein ? <\/h3><\/header><div class='iconbox_content_container  '  itemprop=\"text\"  ><p>Hier finden Sie Antworten rund um unser Vereinsleben !<\/p>\n<\/div><\/div><footer class=\"entry-footer\"><\/footer><\/article><\/div><div class=\"flex_column av_one_third  flex_column_div av-zero-column-padding   avia-builder-el-4  el_after_av_one_third  el_before_av_one_third  \" style='border-radius:0px; '><article  class=\"iconbox iconbox_top av-no-box   avia-builder-el-5  avia-builder-el-no-sibling  \"  itemscope=\"itemscope\" itemtype=\"https:\/\/schema.org\/CreativeWork\" ><div class=\"iconbox_content\"><header class=\"entry-content-header\"><div class=\"iconbox_icon heading-color \" aria-hidden='true' data-av_icon='\ue8b9' data-av_iconfont='entypo-fontello'  ><\/div><h3 class='iconbox_content_title  '  itemprop=\"headline\"  >Fragen zu unserem H\u00fcttenbetrieb<\/h3><\/header><div class='iconbox_content_container  '  itemprop=\"text\"  ><p>Wichtiges und Wissenswertes zum H\u00fcttenbetrieb !<\/p>\n<\/div><\/div><footer class=\"entry-footer\"><\/footer><\/article><\/div><div class=\"flex_column av_one_third  flex_column_div av-zero-column-padding   avia-builder-el-6  el_after_av_one_third  avia-builder-el-last  \" style='border-radius:0px; '><article  class=\"iconbox iconbox_top av-no-box   avia-builder-el-7  avia-builder-el-no-sibling  \"  itemscope=\"itemscope\" itemtype=\"https:\/\/schema.org\/CreativeWork\" ><div class=\"iconbox_content\"><header class=\"entry-content-header\"><div class=\"iconbox_icon heading-color \" aria-hidden='true' data-av_icon='\ue84d' data-av_iconfont='entypo-fontello'  ><\/div><h3 class='iconbox_content_title  '  itemprop=\"headline\"  >Fragen zu unseren Leistungen<\/h3><\/header><div class='iconbox_content_container  '  itemprop=\"text\"  ><p style=\"text-align: center;\">Hier finden Sie Antworten zum\u00a0Thema Schifahren, Wandern, Langlaufen, Klettern.\u00a0!<\/p>\n<\/div><\/div><footer class=\"entry-footer\"><\/footer><\/article><\/div>\n\n<\/div><\/div><\/main><!-- close content main element --><\/div><div class='av-extra-border-element border-extra-arrow-down'><div class='av-extra-border-outer'><div class='av-extra-border-inner'  style='background-color:#b2cf9d;' ><\/div><\/div><\/div><\/div><div id='av_section_2'  class='avia-section main_color avia-section-large avia-no-border-styling avia-bg-style-scroll  avia-builder-el-8  el_after_av_section  avia-builder-el-last   av-arrow-down-section container_wrap sidebar_right' style='background-color: #f8f8f8;  '  ><div class='container' ><div class='template-page content  av-content-small alpha units'><div class='post-entry post-entry-type-page post-entry-635'><div class='entry-content-wrapper clearfix'>\n<div class=\"flex_column av_one_third  flex_column_div av-zero-column-padding first  avia-builder-el-9  el_before_av_one_third  avia-builder-el-first  \" style='border-radius:0px; '><div  class=\"togglecontainer   toggle_close_all  avia-builder-el-10  avia-builder-el-no-sibling \" >\n<section class=\"av_toggle_section\"  itemscope=\"itemscope\" itemtype=\"https:\/\/schema.org\/CreativeWork\"  >    <div class=\"single_toggle\" data-tags=\"{Alle} \"  >        <p data-fake-id=\"#toggle-id-1\" class=\"toggler \"  itemprop=\"headline\"    role=\"tab\" tabindex=\"0\" aria-controls=\"toggle-id-1\">Ich w\u00fcrde gerne Mitglied der Naturfreunde Mannersdorf werden.<span class=\"toggle_icon\" >        <span class=\"vert_icon\"><\/span><span class=\"hor_icon\"><\/span><\/span><\/p>        <div id=\"toggle-id-1-container\" class=\"toggle_wrap \"  >            <div class=\"toggle_content invers-color \"  itemprop=\"text\"   ><p style=\"text-align: center;\">Nat\u00fcrlich sind wir \u00fcber jedes neue Mitglied dankbar.<\/p>\n<p style=\"text-align: left;\">Es gibt folgende M\u00f6glichkeiten:<\/p>\n<ul>\n<li style=\"text-align: left;\">Online \u00fcber <a href=\"http:\/\/www.naturfreunde.at\/\">naturfreunde.at<\/a> Startseite \u201eWerde Mitglied\u201c<br \/>\nFormular ausf\u00fcllen \u2013 bitte bei \u201eW\u00e4hle dein Bundesland &amp; Ortsgruppe\u201c Nieder\u00f6sterreich und rechts Mannersdorf einf\u00fcgen<\/li>\n<li style=\"text-align: left;\">In der Hochfilzerh\u00fctte liegen Beitritts-Formulare auf<\/li>\n<li style=\"text-align: left;\">Kontaktaufnahme mit dem Ortsgruppen \u2013 Vorstand<\/li>\n<\/ul>\n            <\/div>        <\/div>    <\/div><\/section>\n<section class=\"av_toggle_section\"  itemscope=\"itemscope\" itemtype=\"https:\/\/schema.org\/CreativeWork\"  >    <div class=\"single_toggle\" data-tags=\"{Alle} \"  >        <p data-fake-id=\"#toggle-id-2\" class=\"toggler \"  itemprop=\"headline\"    role=\"tab\" tabindex=\"0\" aria-controls=\"toggle-id-2\">Wo finde ich Informationen zu ihren Veranstaltungen<span class=\"toggle_icon\" >        <span class=\"vert_icon\"><\/span><span class=\"hor_icon\"><\/span><\/span><\/p>        <div id=\"toggle-id-2-container\" class=\"toggle_wrap \"  >            <div class=\"toggle_content invers-color \"  itemprop=\"text\"   ><p style=\"text-align: center;\">Alle Informationen zu unseren Veranstaltungen finden\u00a0sie auf unserer Homepage in der Rubrik Veranstaltungen.<\/p>\n            <\/div>        <\/div>    <\/div><\/section>\n<\/div><\/div><div class=\"flex_column av_one_third  flex_column_div av-zero-column-padding   avia-builder-el-11  el_after_av_one_third  el_before_av_one_third  \" style='border-radius:0px; '><div  class=\"togglecontainer   toggle_close_all  avia-builder-el-12  avia-builder-el-no-sibling \" ><div class='taglist'><a href=\"#\" data-tag=\"{Alle}\" class=\"activeFilter\">Alle<\/a><span class='tag-seperator'>\/<\/span><a href=\"#\" data-tag=\"{Lift}\" class=\"\">Lift<\/a><span class='tag-seperator'>\/<\/span><a href=\"#\" data-tag=\"{Weg}\" class=\"\">Weg<\/a><span class='tag-seperator'>\/<\/span><\/div>\n<section class=\"av_toggle_section\"  itemscope=\"itemscope\" itemtype=\"https:\/\/schema.org\/CreativeWork\"  >    <div class=\"single_toggle\" data-tags=\"{Alle} {Lift} \"  >        <p data-fake-id=\"#toggle-id-3\" class=\"toggler \"  itemprop=\"headline\"    role=\"tab\" tabindex=\"0\" aria-controls=\"toggle-id-3\">Wie erfahre ich ob ihre H\u00fctte ge\u00f6ffnet ist.<span class=\"toggle_icon\" >        <span class=\"vert_icon\"><\/span><span class=\"hor_icon\"><\/span><\/span><\/p>        <div id=\"toggle-id-3-container\" class=\"toggle_wrap \"  >            <div class=\"toggle_content invers-color \"  itemprop=\"text\"   ><p style=\"text-align: center;\">Unsere \u00d6ffnungszeiten finden sie auf der Startseite unserer Homepage.<\/p>\n            <\/div>        <\/div>    <\/div><\/section>\n<section class=\"av_toggle_section\"  itemscope=\"itemscope\" itemtype=\"https:\/\/schema.org\/CreativeWork\"  >    <div class=\"single_toggle\" data-tags=\"{Alle} {Weg} \"  >        <p data-fake-id=\"#toggle-id-4\" class=\"toggler \"  itemprop=\"headline\"    role=\"tab\" tabindex=\"0\" aria-controls=\"toggle-id-4\">Kann man ihre H\u00fctte auch f\u00fcr Veranstaltungen mieten.<span class=\"toggle_icon\" >        <span class=\"vert_icon\"><\/span><span class=\"hor_icon\"><\/span><\/span><\/p>        <div id=\"toggle-id-4-container\" class=\"toggle_wrap \"  >            <div class=\"toggle_content invers-color \"  itemprop=\"text\"   ><p style=\"text-align: center;\">Gem\u00e4\u00df Vereinbarung mit der Stadtgemeinde Mannersdorf ( Eigent\u00fcmer der H\u00fctte) und der Naturfreunde Ortsgruppe Mannersdorf (Nutzungsberechtigter) ist eine Miete der H\u00fctte sowie Feiern von Privatpersonen leider nicht m\u00f6glich. Private Feiern sind nur f\u00fcr einen sehr eingeschr\u00e4nkten Personenkreis im aktiven Mitarbeiterstab erlaubt!<\/p>\n            <\/div>        <\/div>    <\/div><\/section>\n<\/div><\/div><div class=\"flex_column av_one_third  flex_column_div av-zero-column-padding   avia-builder-el-13  el_after_av_one_third  avia-builder-el-last  \" style='border-radius:0px; '><div  class=\"togglecontainer   toggle_close_all  avia-builder-el-14  avia-builder-el-no-sibling \" ><div class='taglist'><a href=\"#\" data-tag=\"{Alle}\" class=\"activeFilter\">Alle<\/a><span class='tag-seperator'>\/<\/span><a href=\"#\" data-tag=\"{Lift}\" class=\"\">Lift<\/a><span class='tag-seperator'>\/<\/span><a href=\"#\" data-tag=\"{Weg}\" class=\"\">Weg<\/a><span class='tag-seperator'>\/<\/span><\/div>\n<section class=\"av_toggle_section\"  itemscope=\"itemscope\" itemtype=\"https:\/\/schema.org\/CreativeWork\"  >    <div class=\"single_toggle\" data-tags=\"{Alle} {Lift} \"  >        <p data-fake-id=\"#toggle-id-5\" class=\"toggler \"  itemprop=\"headline\"    role=\"tab\" tabindex=\"0\" aria-controls=\"toggle-id-5\">Wieviel kostet eine Liftkarte<span class=\"toggle_icon\" >        <span class=\"vert_icon\"><\/span><span class=\"hor_icon\"><\/span><\/span><\/p>        <div id=\"toggle-id-5-container\" class=\"toggle_wrap \"  >            <div class=\"toggle_content invers-color \"  itemprop=\"text\"   ><p style=\"text-align: center;\">Unser Schilift ist kostenlos. Wir bedanken uns jedoch bei allen Besuchern gerne f\u00fcr eine freiwillige Spende, die uns dabei unterst\u00fctzt den Winterbetrieb aufrecht erhalten zu k\u00f6nnen !<\/p>\n            <\/div>        <\/div>    <\/div><\/section>\n<section class=\"av_toggle_section\"  itemscope=\"itemscope\" itemtype=\"https:\/\/schema.org\/CreativeWork\"  >    <div class=\"single_toggle\" data-tags=\"{Alle} {Weg} \"  >        <p data-fake-id=\"#toggle-id-6\" class=\"toggler \"  itemprop=\"headline\"    role=\"tab\" tabindex=\"0\" aria-controls=\"toggle-id-6\">Ich bin gehbehindert, kann ich trotzdem auf die Schiwiese kommen ?<span class=\"toggle_icon\" >        <span class=\"vert_icon\"><\/span><span class=\"hor_icon\"><\/span><\/span><\/p>        <div id=\"toggle-id-6-container\" class=\"toggle_wrap \"  >            <div class=\"toggle_content invers-color \"  itemprop=\"text\"   ><p style=\"text-align: center;\">Bei ausreichender Schneelage betrieben wir mit unserem Schido einen Zubringerbetrieb von der oberen Hochleiten, damit k\u00f6nnen wir auch leicht gehbehinderten Menschen einen Besuch der Schiwiese erm\u00f6glichen.<\/p>\n            <\/div>        <\/div>    <\/div><\/section>\n<section class=\"av_toggle_section\"  itemscope=\"itemscope\" itemtype=\"https:\/\/schema.org\/CreativeWork\"  >    <div class=\"single_toggle\" data-tags=\"{Alle} \"  >        <p data-fake-id=\"#toggle-id-7\" class=\"toggler \"  itemprop=\"headline\"    role=\"tab\" tabindex=\"0\" aria-controls=\"toggle-id-7\">Welche Langlaufloipen gibt es in Mannersdorf<span class=\"toggle_icon\" >        <span class=\"vert_icon\"><\/span><span class=\"hor_icon\"><\/span><\/span><\/p>        <div id=\"toggle-id-7-container\" class=\"toggle_wrap \"  >            <div class=\"toggle_content invers-color \"  itemprop=\"text\"   ><p>Inhalt des Toggles hier rein<\/p>\n            <\/div>        <\/div>    <\/div><\/section>\n<section class=\"av_toggle_section\"  itemscope=\"itemscope\" itemtype=\"https:\/\/schema.org\/CreativeWork\"  >    <div class=\"single_toggle\" data-tags=\"{Alle} \"  >        <p data-fake-id=\"#toggle-id-8\" class=\"toggler \"  itemprop=\"headline\"    role=\"tab\" tabindex=\"0\" aria-controls=\"toggle-id-8\">Wo kann ich Wanderrouten durch das Leithagebirge finden<span class=\"toggle_icon\" >        <span class=\"vert_icon\"><\/span><span class=\"hor_icon\"><\/span><\/span><\/p>        <div id=\"toggle-id-8-container\" class=\"toggle_wrap \"  >            <div class=\"toggle_content invers-color \"  itemprop=\"text\"   ><p style=\"text-align: center;\">Sie finden Wanderrouten sowohl im Internet, wie auch auf unserer Homepage in der Rubrik &#8222;Wissenswertes &#8211; Wandern&#8220; oder unter &#8222;unsere Leistungen&#8220;- Wandern !<\/p>\n            <\/div>        <\/div>    <\/div><\/section>\n<\/div><\/div><\/div><\/div><\/div><!-- close content main div --><\/div><div class='av-extra-border-element border-extra-arrow-down'><div class='av-extra-border-outer'><div class='av-extra-border-inner'  style='background-color:#f8f8f8;' ><\/div><\/div><\/div><\/div><div id='after_section_2'  class='main_color av_default_container_wrap container_wrap sidebar_right' style=' '  ><div class='container' ><div class='template-page content  av-content-small alpha units'><div class='post-entry post-entry-type-page post-entry-635'><div class='entry-content-wrapper clearfix'>\n","protected":false},"excerpt":{"rendered":"","protected":false},"author":1,"featured_media":0,"parent":0,"menu_order":0,"comment_status":"closed","ping_status":"closed","template":"","meta":{"footnotes":""},"class_list":["post-635","page","type-page","status-publish","hentry"],"_links":{"self":[{"href":"https:\/\/schiwiese.at\/index.php?rest_route=\/wp\/v2\/pages\/635","targetHints":{"allow":["GET"]}}],"collection":[{"href":"https:\/\/schiwiese.at\/index.php?rest_route=\/wp\/v2\/pages"}],"about":[{"href":"https:\/\/schiwiese.at\/index.php?rest_route=\/wp\/v2\/types\/page"}],"author":[{"embeddable":true,"href":"https:\/\/schiwiese.at\/index.php?rest_route=\/wp\/v2\/users\/1"}],"replies":[{"embeddable":true,"href":"https:\/\/schiwiese.at\/index.php?rest_route=%2Fwp%2Fv2%2Fcomments&post=635"}],"version-history":[{"count":17,"href":"https:\/\/schiwiese.at\/index.php?rest_route=\/wp\/v2\/pages\/635\/revisions"}],"predecessor-version":[{"id":4328,"href":"https:\/\/schiwiese.at\/index.php?rest_route=\/wp\/v2\/pages\/635\/revisions\/4328"}],"wp:attachment":[{"href":"https:\/\/schiwiese.at\/index.php?rest_route=%2Fwp%2Fv2%2Fmedia&parent=635"}],"curies":[{"name":"wp","href":"https:\/\/api.w.org\/{rel}","templated":true}]}}